{"id":1044,"date":"2025-05-14T10:15:00","date_gmt":"2025-05-14T08:15:00","guid":{"rendered":"https:\/\/schneider.ch\/_newweb\/?page_id=1044"},"modified":"2026-04-22T11:05:12","modified_gmt":"2026-04-22T11:05:12","slug":"ueber-uns","status":"publish","type":"page","link":"https:\/\/schneider.ch\/_\/783-2\/ueber-uns\/","title":{"rendered":"\u00dcber uns"},"content":{"rendered":"<p>[et_pb_section fb_built=&#187;1&#8243; specialty=&#187;on&#187; bg_img_2=&#187;https:\/\/schneider.ch\/_newweb\/wp-content\/uploads\/2025\/05\/Support.jpg&#187; padding_top_bottom_link_2=&#187;false&#187; padding_left_right_link_2=&#187;false&#187; padding_2_tablet=&#187;||||false|false&#187; padding_2_phone=&#187;||||false|false&#187; padding_2_last_edited=&#187;on|desktop&#187; custom_css_main_1=&#187; z-index: 10&#8243; disabled_on=&#187;on|on|off&#187; admin_label=&#187;desktopTitle Section&#187; module_id=&#187;section-1&#8243; _builder_version=&#187;4.27.4&#8243; _module_preset=&#187;default&#187; z_index=&#187;60&#8243; da_disable_devices=&#187;off|off|off&#187; collapsed=&#187;off&#187; global_colors_info=&#187;{}&#187; da_is_popup=&#187;off&#187; da_exit_intent=&#187;off&#187; da_has_close=&#187;on&#187; da_alt_close=&#187;off&#187; da_dark_close=&#187;off&#187; da_not_modal=&#187;on&#187; da_is_singular=&#187;off&#187; da_with_loader=&#187;off&#187; da_has_shadow=&#187;on&#187;][et_pb_column type=&#187;1_2&#8243; specialty_columns=&#187;2&#8243; _builder_version=&#187;4.16&#8243; custom_padding=&#187;|||&#187; global_colors_info=&#187;{}&#187; custom_padding__hover=&#187;|||&#187;][et_pb_row_inner admin_label=&#187;description Row&#187; _builder_version=&#187;4.27.4&#8243; _module_preset=&#187;default&#187; locked=&#187;off&#187; global_colors_info=&#187;{}&#187;][et_pb_column_inner saved_specialty_column_type=&#187;1_2&#8243; _builder_version=&#187;4.27.4&#8243; _module_preset=&#187;default&#187; global_colors_info=&#187;{}&#187;][et_pb_heading title=&#187;Willkommen bei Schneider Software AG&#187; _builder_version=&#187;4.27.4&#8243; _module_preset=&#187;default&#187; custom_margin=&#187;||22px||false|false&#187; global_colors_info=&#187;{}&#187;][\/et_pb_heading][et_pb_text _builder_version=&#187;4.27.4&#8243; _module_preset=&#187;default&#187; text_font=&#187;||||||||&#187; global_colors_info=&#187;{}&#187;]<\/p>\n<p>Schneider Software AG wurde im November 1987 gegr\u00fcndet und geh\u00f6rt heute zu den f\u00fchrenden Software-Anbietern f\u00fcr die Baubranche. Das selbst\u00e4ndige, mittelst\u00e4ndische Unternehmen wird von den Gr\u00fcndern und Inhabern gef\u00fchrt und ist unternehmerisch und finanziell v\u00f6llig unabh\u00e4ngig. Beteiligungen von anderen Firmen oder Interessengruppen bestehen keine.<\/p>\n<p>[\/et_pb_text][et_pb_button button_url=&#187;@ET-DC@eyJkeW5hbWljIjp0cnVlLCJjb250ZW50IjoicG9zdF9saW5rX3VybF9wYWdlIiwic2V0dGluZ3MiOnsicG9zdF9pZCI6IjEwNDcifX0=@&#187; button_text=&#187;ZUM KONTAKT&#187; _builder_version=&#187;4.27.4&#8243; _dynamic_attributes=&#187;button_url&#187; _module_preset=&#187;default&#187; global_colors_info=&#187;{}&#187;][\/et_pb_button][\/et_pb_column_inner][\/et_pb_row_inner][et_pb_row_inner _builder_version=&#187;4.27.4&#8243; _module_preset=&#187;default&#187; background_color=&#187;#ff0000&#8243; custom_margin=&#187;|||80%|true|false&#187; custom_padding=&#187;0px|5%|0px|5%|true|true&#187; global_colors_info=&#187;{}&#187;][et_pb_column_inner saved_specialty_column_type=&#187;1_2&#8243; _builder_version=&#187;4.27.4&#8243; _module_preset=&#187;default&#187; global_colors_info=&#187;{}&#187;][et_pb_cta button_url=&#187;#jobs&#187; button_text=&#187;Jobs bei Schneider Software AG&#187; module_class=&#187;schneider-stoerer-rucksack nowrap&#187; _builder_version=&#187;4.27.4&#8243; _module_preset=&#187;default&#187; background_enable_color=&#187;off&#187; background_image=&#187;https:\/\/schneider.ch\/_newweb\/wp-content\/uploads\/2025\/05\/schneider_software_icons_4_weiss.svg&#187; background_size=&#187;custom&#187; background_image_width=&#187;16%&#187; background_position=&#187;center_left&#187; background_horizontal_offset=&#187;0%&#187; custom_button=&#187;on&#187; button_text_size=&#187;17px&#187; button_text_color=&#187;#FFFFFF&#187; button_bg_color=&#187;RGBA(255,255,255,0)&#187; button_border_width=&#187;0px&#187; button_border_color=&#187;RGBA(255,255,255,0)&#187; button_use_icon=&#187;off&#187; button_alignment=&#187;left&#187; button_custom_margin=&#187;|||10%|false|false&#187; width=&#187;100%&#187; max_width=&#187;100%&#187; custom_margin=&#187;||0px||false|false&#187; custom_padding=&#187;||||false|false&#187; link_option_url=&#187;#jobs&#187; global_colors_info=&#187;{}&#187; button_icon_color__hover_enabled=&#187;off|desktop&#187;][\/et_pb_cta][\/et_pb_column_inner][\/et_pb_row_inner][\/et_pb_column][et_pb_column type=&#187;1_2&#8243; _builder_version=&#187;4.16&#8243; custom_padding=&#187;|||&#187; global_colors_info=&#187;{}&#187; custom_padding__hover=&#187;|||&#187;][et_pb_divider show_divider=&#187;off&#187; disabled_on=&#187;off|off|off&#187; _builder_version=&#187;4.27.4&#8243; _module_preset=&#187;default&#187; z_index=&#187;auto&#187; max_width_tablet=&#187;&#187; max_width_phone=&#187;&#187; max_width_last_edited=&#187;on|tablet&#187; height=&#187;600px&#187; height_tablet=&#187;691px&#187; height_phone=&#187;437px&#187; height_last_edited=&#187;on|tablet&#187; custom_padding_tablet=&#187;||||false|false&#187; custom_padding_phone=&#187;||||false|false&#187; custom_padding_last_edited=&#187;on|tablet&#187; global_colors_info=&#187;{}&#187;][\/et_pb_divider][\/et_pb_column][\/et_pb_section][et_pb_section fb_built=&#187;1&#8243; specialty=&#187;on&#187; bg_img_1=&#187;https:\/\/schneider.ch\/_newweb\/wp-content\/uploads\/2025\/05\/Support.jpg&#187; disabled_on=&#187;off|off|on&#187; admin_label=&#187;mobileTitle Section&#187; _builder_version=&#187;4.27.4&#8243; _module_preset=&#187;default&#187; custom_padding=&#187;||0px||false|false&#187; da_disable_devices=&#187;off|off|off&#187; collapsed=&#187;off&#187; global_colors_info=&#187;{}&#187; da_is_popup=&#187;off&#187; da_exit_intent=&#187;off&#187; da_has_close=&#187;on&#187; da_alt_close=&#187;off&#187; da_dark_close=&#187;off&#187; da_not_modal=&#187;on&#187; da_is_singular=&#187;off&#187; da_with_loader=&#187;off&#187; da_has_shadow=&#187;on&#187;][et_pb_column type=&#187;1_2&#8243; _builder_version=&#187;4.16&#8243; custom_padding=&#187;|||&#187; global_colors_info=&#187;{}&#187; custom_padding__hover=&#187;|||&#187;][et_pb_divider show_divider=&#187;off&#187; disabled_on=&#187;off|off|off&#187; module_class=&#187;schneider-image&#187; _builder_version=&#187;4.27.4&#8243; _module_preset=&#187;default&#187; z_index=&#187;auto&#187; width_tablet=&#187;100%&#187; width_phone=&#187;100%&#187; width_last_edited=&#187;on|tablet&#187; max_width_tablet=&#187;&#187; max_width_phone=&#187;&#187; max_width_last_edited=&#187;on|tablet&#187; height=&#187;30vw&#187; height_tablet=&#187;717px&#187; height_phone=&#187;437px&#187; height_last_edited=&#187;on|phone&#187; global_colors_info=&#187;{}&#187;][\/et_pb_divider][\/et_pb_column][et_pb_column type=&#187;1_2&#8243; specialty_columns=&#187;2&#8243; _builder_version=&#187;4.16&#8243; custom_padding=&#187;|||&#187; global_colors_info=&#187;{}&#187; custom_padding__hover=&#187;|||&#187;][et_pb_row_inner admin_label=&#187;St\u00f6rer Links&#187; _builder_version=&#187;4.27.4&#8243; _module_preset=&#187;default&#187; background_color=&#187;#ff0000&#8243; width=&#187;90%&#187; custom_margin=&#187;-25%|||5%|false|false&#187; custom_padding=&#187;0px|5%|0px|5%|true|true&#187; locked=&#187;off&#187; global_colors_info=&#187;{}&#187;][et_pb_column_inner saved_specialty_column_type=&#187;1_2&#8243; _builder_version=&#187;4.27.4&#8243; _module_preset=&#187;default&#187; global_colors_info=&#187;{}&#187;][et_pb_cta button_url=&#187;#jobs&#187; button_text=&#187;Jobs&#187; _builder_version=&#187;4.27.4&#8243; _module_preset=&#187;default&#187; background_enable_color=&#187;off&#187; background_image=&#187;https:\/\/schneider.ch\/_\/wp-content\/uploads\/2025\/05\/schneider_software_icons_4_weiss.svg&#187; background_size=&#187;custom&#187; background_image_width=&#187;16%&#187; background_position=&#187;center_left&#187; background_horizontal_offset=&#187;0%&#187; custom_button=&#187;on&#187; button_text_size=&#187;17px&#187; button_text_color=&#187;#FFFFFF&#187; button_bg_color=&#187;RGBA(255,255,255,0)&#187; button_border_width=&#187;0px&#187; button_border_color=&#187;RGBA(255,255,255,0)&#187; button_icon=&#187;&#x39;||divi||400&#8243; button_icon_color=&#187;#FFFFFF&#187; button_on_hover=&#187;off&#187; button_alignment=&#187;left&#187; button_custom_margin=&#187;|||10%|false|false&#187; width=&#187;100%&#187; max_width=&#187;100%&#187; custom_margin=&#187;||0px||false|false&#187; custom_padding=&#187;||||false|false&#187; link_option_url=&#187;#jobs&#187; global_colors_info=&#187;{}&#187; button_icon_color__hover_enabled=&#187;off|desktop&#187;][\/et_pb_cta][\/et_pb_column_inner][\/et_pb_row_inner][et_pb_row_inner admin_label=&#187;description Row&#187; _builder_version=&#187;4.27.4&#8243; _module_preset=&#187;default&#187; locked=&#187;off&#187; global_colors_info=&#187;{}&#187;][et_pb_column_inner saved_specialty_column_type=&#187;1_2&#8243; _builder_version=&#187;4.27.4&#8243; _module_preset=&#187;default&#187; global_colors_info=&#187;{}&#187;][et_pb_heading title=&#187;Willkommen bei Schneider Software AG&#187; _builder_version=&#187;4.27.4&#8243; _module_preset=&#187;default&#187; custom_margin=&#187;||||false|false&#187; global_colors_info=&#187;{}&#187;][\/et_pb_heading][et_pb_text _builder_version=&#187;4.27.4&#8243; _module_preset=&#187;default&#187; global_colors_info=&#187;{}&#187;]<\/p>\n<p>Schneider Software AG wurde im November 1987 gegr\u00fcndet und geh\u00f6rt heute zu den f\u00fchrenden Software-Anbietern f\u00fcr die Baubranche. Das selbst\u00e4ndige, mittelst\u00e4ndische Unternehmen wird von den Gr\u00fcndern und Inhabern gef\u00fchrt und ist unternehmerisch und finanziell v\u00f6llig unabh\u00e4ngig. Beteiligungen von anderen Firmen oder Interessengruppen bestehen keine.<\/p>\n<p>[\/et_pb_text][et_pb_button button_url=&#187;@ET-DC@eyJkeW5hbWljIjp0cnVlLCJjb250ZW50IjoicG9zdF9saW5rX3VybF9wYWdlIiwic2V0dGluZ3MiOnsicG9zdF9pZCI6IjEwNDcifX0=@&#187; button_text=&#187;ZUM KONTAKT&#187; _builder_version=&#187;4.27.4&#8243; _dynamic_attributes=&#187;button_url&#187; _module_preset=&#187;default&#187; custom_button=&#187;on&#187; button_text_color=&#187;#000000&#8243; button_bg_color=&#187;RGBA(255,255,255,0)&#187; button_border_width=&#187;3px&#187; button_border_color=&#187;#000000&#8243; button_border_radius=&#187;100px&#187; global_colors_info=&#187;{}&#187;][\/et_pb_button][\/et_pb_column_inner][\/et_pb_row_inner][\/et_pb_column][\/et_pb_section][et_pb_section fb_built=&#187;1&#8243; _builder_version=&#187;4.27.4&#8243; _module_preset=&#187;default&#187; custom_padding=&#187;0px||0px||false|false&#187; da_disable_devices=&#187;off|off|off&#187; global_colors_info=&#187;{}&#187; da_is_popup=&#187;off&#187; da_exit_intent=&#187;off&#187; da_has_close=&#187;on&#187; da_alt_close=&#187;off&#187; da_dark_close=&#187;off&#187; da_not_modal=&#187;on&#187; da_is_singular=&#187;off&#187; da_with_loader=&#187;off&#187; da_has_shadow=&#187;on&#187;][et_pb_row column_structure=&#187;1_2,1_2&#8243; _builder_version=&#187;4.27.4&#8243; _module_preset=&#187;default&#187; global_colors_info=&#187;{}&#187;][et_pb_column type=&#187;1_2&#8243; _builder_version=&#187;4.27.4&#8243; _module_preset=&#187;default&#187; global_colors_info=&#187;{}&#187;][et_pb_image src=&#187;https:\/\/schneider.ch\/_\/wp-content\/uploads\/2025\/05\/team-600.jpg&#187; title_text=&#187;team-600&#8243; _builder_version=&#187;4.27.4&#8243; _module_preset=&#187;default&#187; global_colors_info=&#187;{}&#187;][\/et_pb_image][\/et_pb_column][et_pb_column type=&#187;1_2&#8243; _builder_version=&#187;4.27.4&#8243; _module_preset=&#187;default&#187; global_colors_info=&#187;{}&#187;][et_pb_heading title=&#187;Team&#187; _builder_version=&#187;4.27.4&#8243; _module_preset=&#187;default&#187; global_colors_info=&#187;{}&#187;][\/et_pb_heading][et_pb_text _builder_version=&#187;4.27.4&#8243; _module_preset=&#187;default&#187; global_colors_info=&#187;{}&#187;]<\/p>\n<p>Seit 38 Jahren ist die Schneider Software AG mit Software-L\u00f6sungen erfolgreich am Markt pr\u00e4sent. Heute arbeiten \u00fcber 60 Mitarbeiterinnen und Mitarbeiter in den Bereichen Programmierung, Support, Technik, Verkauf und Administration im Unternehmen.<\/p>\n<p>[\/et_pb_text][et_pb_button button_url=&#187;@ET-DC@eyJkeW5hbWljIjp0cnVlLCJjb250ZW50IjoicG9zdF9saW5rX3VybF9wYWdlIiwic2V0dGluZ3MiOnsicG9zdF9pZCI6IjEwNDcifX0=@&#187; button_text=&#187;Ein Teil des Teams werden&#187; _builder_version=&#187;4.27.4&#8243; _dynamic_attributes=&#187;button_url&#187; _module_preset=&#187;default&#187; global_colors_info=&#187;{}&#187;][\/et_pb_button][\/et_pb_column][\/et_pb_row][\/et_pb_section][et_pb_section fb_built=&#187;1&#8243; _builder_version=&#187;4.27.4&#8243; _module_preset=&#187;default&#187; custom_padding=&#187;0px||||false|false&#187; da_disable_devices=&#187;off|off|off&#187; global_colors_info=&#187;{}&#187; da_is_popup=&#187;off&#187; da_exit_intent=&#187;off&#187; da_has_close=&#187;on&#187; da_alt_close=&#187;off&#187; da_dark_close=&#187;off&#187; da_not_modal=&#187;on&#187; da_is_singular=&#187;off&#187; da_with_loader=&#187;off&#187; da_has_shadow=&#187;on&#187;][et_pb_row column_structure=&#187;2_5,3_5&#8243; module_id=&#187;jobs&#187; _builder_version=&#187;4.27.4&#8243; _module_preset=&#187;default&#187; custom_margin=&#187;|auto|76px|auto||&#187; custom_padding=&#187;||27px|||&#187; global_colors_info=&#187;{}&#187;][et_pb_column type=&#187;2_5&#8243; _builder_version=&#187;4.27.4&#8243; _module_preset=&#187;default&#187; global_colors_info=&#187;{}&#187;][et_pb_heading title=&#187;Jobs bei Schneider Software AG&#187; _builder_version=&#187;4.27.4&#8243; _module_preset=&#187;default&#187; global_colors_info=&#187;{}&#187;][\/et_pb_heading][\/et_pb_column][et_pb_column type=&#187;3_5&#8243; _builder_version=&#187;4.27.4&#8243; _module_preset=&#187;default&#187; global_colors_info=&#187;{}&#187;][et_pb_heading title=&#187;Verkauf&#187; _builder_version=&#187;4.27.4&#8243; _module_preset=&#187;default&#187; global_colors_info=&#187;{}&#187;][\/et_pb_heading][et_pb_text admin_label=&#187;Verk\u00e4ufer*in Aussendienst&#187; _builder_version=&#187;4.27.5&#8243; _module_preset=&#187;default&#187; link_option_url=&#187;https:\/\/schneider.ch\/_\/wp-content\/uploads\/2025\/12\/VerkaeuferIn-im-Aussendienst_Region_LU.pdf&#187; global_colors_info=&#187;{}&#187; text_text_color__hover_enabled=&#187;on|hover&#187; text_text_color__hover=&#187;#ff0000&#8243; disabled_on=&#187;on|on|on&#187; disabled=&#187;on&#187;]<\/p>\n<p><span style=\"text-decoration: underline;\">Verk\u00e4ufer*in f\u00fcr die Region Luzern<\/span><\/p>\n<p>[\/et_pb_text][et_pb_text admin_label=&#187;Verkaufsassistent*in&#187; _builder_version=&#187;4.27.5&#8243; _dynamic_attributes=&#187;link_option_url&#187; _module_preset=&#187;default&#187; link_option_url=&#187;@ET-DC@eyJkeW5hbWljIjp0cnVlLCJjb250ZW50IjoicG9zdF9saW5rX3VybF9hdHRhY2htZW50Iiwic2V0dGluZ3MiOnsicG9zdF9pZCI6IjI2OTgifX0=@&#187; global_colors_info=&#187;{}&#187; text_text_color__hover_enabled=&#187;on|hover&#187; text_text_color__hover=&#187;#ff0000&#8243;]<\/p>\n<p><span style=\"text-decoration: underline;\">Verkaufsassistent*in 30-80%<\/span><\/p>\n<p>[\/et_pb_text][et_pb_heading title=&#187;Sekretariat&#187; disabled_on=&#187;on|on|on&#187; _builder_version=&#187;4.27.5&#8243; _module_preset=&#187;default&#187; disabled=&#187;on&#187; global_colors_info=&#187;{}&#187;][\/et_pb_heading][et_pb_text disabled_on=&#187;on|on|on&#187; admin_label=&#187;Verkaufsassistent*in&#187; _builder_version=&#187;4.27.5&#8243; _dynamic_attributes=&#187;link_option_url&#187; _module_preset=&#187;default&#187; link_option_url=&#187;@ET-DC@eyJkeW5hbWljIjp0cnVlLCJjb250ZW50IjoicG9zdF9saW5rX3VybF9hdHRhY2htZW50Iiwic2V0dGluZ3MiOnsicG9zdF9pZCI6IjI3MzgifX0=@&#187; disabled=&#187;on&#187; global_colors_info=&#187;{}&#187; text_text_color__hover_enabled=&#187;on|hover&#187; text_text_color__hover=&#187;#ff0000&#8243;]<\/p>\n<p><span style=\"text-decoration: underline;\">Kaufm. Mitarbeiter*in 100% oder Teilzeitanstellung im Jobsharing<\/span><\/p>\n<p>[\/et_pb_text][et_pb_text _builder_version=&#187;4.27.4&#8243; _module_preset=&#187;default&#187; global_colors_info=&#187;{}&#187;]<\/p>\n<p>Gerne pr\u00fcfen wir auch jederzeit Ihre Spontanbewerbung, sollte keine <br \/>entsprechende Stelle f\u00fcr Ihr Fachgebiet ausgeschrieben sein!<\/p>\n<p>[\/et_pb_text][\/et_pb_column][\/et_pb_row][\/et_pb_section]<\/p>\n","protected":false},"excerpt":{"rendered":"<p>Schneider Software AG wurde im November 1987 gegr\u00fcndet und geh\u00f6rt heute zu den f\u00fchrenden Software-Anbietern f\u00fcr die Baubranche. Das selbst\u00e4ndige, mittelst\u00e4ndische Unternehmen wird von den Gr\u00fcndern und Inhabern gef\u00fchrt und ist unternehmerisch und finanziell v\u00f6llig unabh\u00e4ngig. Beteiligungen von anderen Firmen oder Interessengruppen bestehen keine.Schneider Software AG wurde im November 1987 gegr\u00fcndet und geh\u00f6rt heute zu [&hellip;]<\/p>\n","protected":false},"author":1,"featured_media":0,"parent":783,"menu_order":0,"comment_status":"closed","ping_status":"closed","template":"","meta":{"_et_pb_use_builder":"on","_et_pb_old_content":"","_et_gb_content_width":"","footnotes":""},"class_list":["post-1044","page","type-page","status-publish","hentry"],"_links":{"self":[{"href":"https:\/\/schneider.ch\/_\/wp-json\/wp\/v2\/pages\/1044","targetHints":{"allow":["GET"]}}],"collection":[{"href":"https:\/\/schneider.ch\/_\/wp-json\/wp\/v2\/pages"}],"about":[{"href":"https:\/\/schneider.ch\/_\/wp-json\/wp\/v2\/types\/page"}],"author":[{"embeddable":true,"href":"https:\/\/schneider.ch\/_\/wp-json\/wp\/v2\/users\/1"}],"replies":[{"embeddable":true,"href":"https:\/\/schneider.ch\/_\/wp-json\/wp\/v2\/comments?post=1044"}],"version-history":[{"count":40,"href":"https:\/\/schneider.ch\/_\/wp-json\/wp\/v2\/pages\/1044\/revisions"}],"predecessor-version":[{"id":2754,"href":"https:\/\/schneider.ch\/_\/wp-json\/wp\/v2\/pages\/1044\/revisions\/2754"}],"up":[{"embeddable":true,"href":"https:\/\/schneider.ch\/_\/wp-json\/wp\/v2\/pages\/783"}],"wp:attachment":[{"href":"https:\/\/schneider.ch\/_\/wp-json\/wp\/v2\/media?parent=1044"}],"curies":[{"name":"wp","href":"https:\/\/api.w.org\/{rel}","templated":true}]}}